{"id":546,"date":"2023-07-04T10:38:57","date_gmt":"2023-07-04T10:38:57","guid":{"rendered":"https:\/\/rodsgubben.se\/?page_id=546"},"modified":"2023-07-04T10:43:58","modified_gmt":"2023-07-04T10:43:58","slug":"valkommen","status":"publish","type":"page","link":"https:\/\/rodsgubben.se\/","title":{"rendered":"V\u00e4lkommen"},"content":{"rendered":"<p style=\"text-align: center;\"><strong>V\u00e4lkommen till R\u00f6dsgubben!<\/strong><\/p>\n<p style=\"text-align: center;\"><strong>Vi uppdaterar v\u00e5r hemsida och under tiden kan ni se de senaste inl\u00e4ggen fr\u00e5n v\u00e5r Facebook h\u00e4r.<\/strong><\/p>\n<p style=\"text-align: center;\"><div class=\"cff-wrapper\"><div class=\"cff-wrapper-ctn  cff-wrapper-fixed-height\"  style=\"height:200px;background-color:#ffffff;\" ><div id=\"cff\"  class=\"cff cff-list-container  cff-fixed-height  cff-default-styles  cff-mob-cols-1 cff-tab-cols-1\"   style=\"width:100%;\"   data-char=\"400\" ><div class=\"cff-posts-wrap\"><div id=\"cff_195835103781693_1507905438007511\" class=\"cff-item cff-photo-post author-r-dsgubben-ab\" >\n\t<div class=\"cff-author\">\n\t<div class=\"cff-author-text\">\n\t\t\t\t\t<div class=\"cff-page-name cff-author-date\" >\n\t\t\t\t<a href=\"https:\/\/facebook.com\/195835103781693\" target=\"_blank\" rel=\"nofollow noopener\" >R\u00f6dsgubben AB<\/a>\n\t\t\t\t<span class=\"cff-story\"> <\/span>\n\t\t\t<\/div>\n\t\t\t\n<p class=\"cff-date\" > 1 month ago <\/p>\n\t\t\t<\/div>\n\t<div class=\"cff-author-img \" data-avatar=\"https:\/\/scontent-cph2-1.xx.fbcdn.net\/v\/t39.30808-1\/248144991_333794865418580_6462384607489110389_n.jpg?stp=cp0_dst-jpg_s50x50_tt6&#038;_nc_cat=104&#038;ccb=1-7&#038;_nc_sid=f907e8&#038;_nc_ohc=QpOmVdMjO6oQ7kNvwE62JB3&#038;_nc_oc=AdpbX3FVjVju5SCq5Zt2d5jjNEXcPmumTzDKRsR8bye7Fg-xCjBJDquJZ3UnrwNFkZtgs5mkn9Y1gOaxtv7GMpEK&#038;_nc_zt=24&#038;_nc_ht=scontent-cph2-1.xx&#038;edm=AKIiGfEEAAAA&#038;_nc_gid=aOTUR4lMIPVktTWM3HQrZg&#038;_nc_tpa=Q5bMBQEf-E5j5YjjGdtPdgzPWqr97tOBWie-NQ8HAbtqfIS7lz4lg0u-56KFNKeoAhv-3iPzmvq7h0-KKg&#038;oh=00_Af1ih-SkkA6g9enwBIvOCeIWcAgonCTmsFqX0zHFG07P4g&#038;oe=69F86E85\">\n\t\t<a href=\"https:\/\/facebook.com\/195835103781693\" target=\"_blank\" rel=\"nofollow noopener\" ><img decoding=\"async\" src=\"https:\/\/scontent-cph2-1.xx.fbcdn.net\/v\/t39.30808-1\/248144991_333794865418580_6462384607489110389_n.jpg?stp=cp0_dst-jpg_s50x50_tt6&#038;_nc_cat=104&#038;ccb=1-7&#038;_nc_sid=f907e8&#038;_nc_ohc=QpOmVdMjO6oQ7kNvwE62JB3&#038;_nc_oc=AdpbX3FVjVju5SCq5Zt2d5jjNEXcPmumTzDKRsR8bye7Fg-xCjBJDquJZ3UnrwNFkZtgs5mkn9Y1gOaxtv7GMpEK&#038;_nc_zt=24&#038;_nc_ht=scontent-cph2-1.xx&#038;edm=AKIiGfEEAAAA&#038;_nc_gid=aOTUR4lMIPVktTWM3HQrZg&#038;_nc_tpa=Q5bMBQEf-E5j5YjjGdtPdgzPWqr97tOBWie-NQ8HAbtqfIS7lz4lg0u-56KFNKeoAhv-3iPzmvq7h0-KKg&#038;oh=00_Af1ih-SkkA6g9enwBIvOCeIWcAgonCTmsFqX0zHFG07P4g&#038;oe=69F86E85\" title=\"R\u00f6dsgubben AB\" alt=\"R\u00f6dsgubben AB\" width=40 height=40 onerror=\"this.style.display='none'\"><\/a>\n\t<\/div>\n<\/div>\n\n<div class=\"cff-post-text\" >\n\t<span class=\"cff-text\" data-color=\"\">\n\t\tDet \u00e4r v\u00e4ldigt m\u00e5nga som h\u00f6r av sig till oss nu och \u00f6nskar sommarjobb vilket \u00e4r j\u00e4tteroligt. \ud83d\ude42<img class=\"cff-linebreak\" \/><img class=\"cff-linebreak\" \/>Vi har redan f\u00e5tt in m\u00e5nga ans\u00f6kningar som vi h\u00e5ller p\u00e5 och g\u00e5r igenom och vi har \u00e4ven m\u00e5nga \u00e5terkommande som jobbat tidigare hos oss s\u00e5 d\u00e4rf\u00f6r har vi tyv\u00e4rr inte m\u00e5nga lediga tj\u00e4nster att erbjuda denna s\u00e4song.<img class=\"cff-linebreak\" \/><img class=\"cff-linebreak\" \/>Vi kommer l\u00f6pande l\u00e4gga ut dom tj\u00e4nster vi kommer beh\u00f6va personal till p\u00e5 platsbanken s\u00e5 h\u00e5ll g\u00e4rna utkik d\u00e4r \ud83c\udf53\t\t\t<\/span>\n\t<span class=\"cff-expand\">... <a href=\"#\" style=\"color: #\"><span class=\"cff-more\">See More<\/span><span class=\"cff-less\">See Less<\/span><\/a><\/span>\n\n<\/div>\n\n<p class=\"cff-media-link\">\n\t<a href=\"https:\/\/www.facebook.com\/photo.php?fbid=1507903961340992&#038;set=a.125684226229646&#038;type=3\" target=\"_blank\" style=\"color: #\">\n\t\t<span style=\"padding-right: 5px;\" class=\"fa fas fa-picture-o fa-image\"><\/span>Photo\t<\/a>\n<\/p>\n\t\t<div class=\"cff-post-links\">\n\t\t\t\t\t<a class=\"cff-viewpost-facebook\" href=\"https:\/\/www.facebook.com\/photo.php?fbid=1507903961340992&#038;set=a.125684226229646&#038;type=3\" title=\"View on Facebook\" target=\"_blank\" rel=\"nofollow noopener\" >View on Facebook<\/a>\n\t\t\t\t\t\t\t<div class=\"cff-share-container\">\n\t\t\t\t\t\t\t\t\t<span class=\"cff-dot\" >&middot;<\/span>\n\t\t\t\t\t\t\t\t<a class=\"cff-share-link\" href=\"https:\/\/www.facebook.com\/sharer\/sharer.php?u=https%3A%2F%2Fwww.facebook.com%2Fphoto.php%3Ffbid%3D1507903961340992%26amp%3Bset%3Da.125684226229646%26amp%3Btype%3D3\" title=\"Share\" >Share<\/a>\n\t\t\t\t<p class=\"cff-share-tooltip\">\n\t\t\t\t\t\t\t\t\t\t\t<a href=\"https:\/\/www.facebook.com\/sharer\/sharer.php?u=https%3A%2F%2Fwww.facebook.com%2Fphoto.php%3Ffbid%3D1507903961340992%26amp%3Bset%3Da.125684226229646%26amp%3Btype%3D3\" target=\"_blank\" rel=\"noopener noreferrer\" class=\"cff-facebook-icon\">\n\t\t\t\t\t\t\t<span class=\"fa fab fa-facebook-square\" aria-hidden=\"true\"><\/span>\n\t\t\t\t\t\t\t<span class=\"cff-screenreader\">Share on Facebook<\/span>\n\t\t\t\t\t\t<\/a>\n\t\t\t\t\t\t\t\t\t\t\t<a href=\"https:\/\/twitter.com\/intent\/tweet?text=https%3A%2F%2Fwww.facebook.com%2Fphoto.php%3Ffbid%3D1507903961340992%26amp%3Bset%3Da.125684226229646%26amp%3Btype%3D3\" target=\"_blank\" rel=\"noopener noreferrer\" class=\"cff-twitter-icon\">\n\t\t\t\t\t\t\t<span class=\"fa fab fa-twitter\" aria-hidden=\"true\"><\/span>\n\t\t\t\t\t\t\t<span class=\"cff-screenreader\">Share on Twitter<\/span>\n\t\t\t\t\t\t<\/a>\n\t\t\t\t\t\t\t\t\t\t\t<a href=\"https:\/\/www.linkedin.com\/shareArticle?mini=true&#038;url=https%3A%2F%2Fwww.facebook.com%2Fphoto.php%3Ffbid%3D1507903961340992%26amp%3Bset%3Da.125684226229646%26amp%3Btype%3D3&#038;title=%09%09%09Det%20%C3%A4r%20v%C3%A4ldigt%20m%C3%A5nga%20som%20h%C3%B6r%20av%20sig%20till%20oss%20nu%20och%20%C3%B6nskar%20sommarjobb%20vilket%20%C3%A4r%20j%C3%A4tteroligt.%20%F0%9F%99%82Vi%20har%20redan%20f%C3%A5tt%20in%20m%C3%A5nga%20ans%C3%B6kningar%20som%20vi%20h%C3%A5ller%20p%C3%A5%20och%20g%C3%A5r%20igenom%20och%20vi%20har%20%C3%A4ven%20m%C3%A5nga%20%C3%A5terkommande%20som%20jobbat%20tidigare%20hos%20oss%20s%C3%A5%20d%C3%A4rf%C3%B6r%20har%20vi%20tyv%C3%A4rr%20inte%20m%C3%A5nga%20lediga%20tj%C3%A4nster%20att%20erbjuda%20denna%20s%C3%A4song.Vi%20kommer%20l%C3%B6pande%20l%C3%A4gga%20ut%20dom%20tj%C3%A4nster%20vi%20kommer%20beh%C3%B6va%20personal%20till%20p%C3%A5%20platsbanken%20s%C3%A5%20h%C3%A5ll%20g%C3%A4rna%20utkik%20d%C3%A4r%20%F0%9F%8D%93%09%09%09%09\" target=\"_blank\" rel=\"noopener noreferrer\" class=\"cff-linkedin-icon\">\n\t\t\t\t\t\t\t<span class=\"fa fab fa-linkedin\" aria-hidden=\"true\"><\/span>\n\t\t\t\t\t\t\t<span class=\"cff-screenreader\">Share on Linked In<\/span>\n\t\t\t\t\t\t<\/a>\n\t\t\t\t\t\t\t\t\t\t\t<a href=\"mailto:?subject=Facebook&#038;body=https%3A%2F%2Fwww.facebook.com%2Fphoto.php%3Ffbid%3D1507903961340992%26amp%3Bset%3Da.125684226229646%26amp%3Btype%3D3%20-%20%0A%0A%09%0A%09%09Det%20%C3%A4r%20v%C3%A4ldigt%20m%C3%A5nga%20som%20h%C3%B6r%20av%20sig%20till%20oss%20nu%20och%20%C3%B6nskar%20sommarjobb%20vilket%20%C3%A4r%20j%C3%A4tteroligt.%20%F0%9F%99%82Vi%20har%20redan%20f%C3%A5tt%20in%20m%C3%A5nga%20ans%C3%B6kningar%20som%20vi%20h%C3%A5ller%20p%C3%A5%20och%20g%C3%A5r%20igenom%20och%20vi%20har%20%C3%A4ven%20m%C3%A5nga%20%C3%A5terkommande%20som%20jobbat%20tidigare%20hos%20oss%20s%C3%A5%20d%C3%A4rf%C3%B6r%20har%20vi%20tyv%C3%A4rr%20inte%20m%C3%A5nga%20lediga%20tj%C3%A4nster%20att%20erbjuda%20denna%20s%C3%A4song.Vi%20kommer%20l%C3%B6pande%20l%C3%A4gga%20ut%20dom%20tj%C3%A4nster%20vi%20kommer%20beh%C3%B6va%20personal%20till%20p%C3%A5%20platsbanken%20s%C3%A5%20h%C3%A5ll%20g%C3%A4rna%20utkik%20d%C3%A4r%20%F0%9F%8D%93%09%09%09%0A%09\" target=\"_blank\" rel=\"noopener noreferrer\" class=\"cff-email-icon\">\n\t\t\t\t\t\t\t<span class=\"fa fab fa-envelope\" aria-hidden=\"true\"><\/span>\n\t\t\t\t\t\t\t<span class=\"cff-screenreader\">Share by Email<\/span>\n\t\t\t\t\t\t<\/a>\n\t\t\t\t\t\t\t\t\t<\/p>\n\t\t\t<\/div>\n\t\t\t<\/div>\n\t<\/div>\n\n\n\n\n<div class=\"cff-likebox cff-bottom\" >\n\t\t<iframe title=\"Likebox Iframe\" src=\"\" class=\"fb_iframe_widget\" data-likebox-id=\"195835103781693\" data-likebox-width=\"300\" data-likebox-header=\"\" data-hide-cover=\"\" data-hide-cta=\"\" data-likebox-faces=\"\" data-height=\"130\" data-locale=\"sv_SE\" scrolling=\"no\" allowTransparency=\"true\" allow=\"encrypted-media\" ><\/iframe>\n<\/div>\n<\/div><input class=\"cff-pag-url\" type=\"hidden\" data-locatornonce=\"65b667fd91\" data-cff-shortcode=\"\" data-post-id=\"546\" data-feed-id=\"195835103781693\"><\/div><\/div><div class=\"cff-clear\"><\/div><\/div><\/p>\n","protected":false},"excerpt":{"rendered":"<p>V\u00e4lkommen till R\u00f6dsgubben! Vi uppdaterar v\u00e5r hemsida och under tiden kan ni se de senaste inl\u00e4ggen fr\u00e5n v\u00e5r Facebook h\u00e4r.<\/p>\n","protected":false},"author":2,"featured_media":0,"parent":0,"menu_order":0,"comment_status":"closed","ping_status":"closed","template":"","meta":{"footnotes":""},"categories":[],"tags":[],"class_list":["post-546","page","type-page","status-publish","hentry"],"_links":{"self":[{"href":"https:\/\/rodsgubben.se\/index.php?rest_route=\/wp\/v2\/pages\/546","targetHints":{"allow":["GET"]}}],"collection":[{"href":"https:\/\/rodsgubben.se\/index.php?rest_route=\/wp\/v2\/pages"}],"about":[{"href":"https:\/\/rodsgubben.se\/index.php?rest_route=\/wp\/v2\/types\/page"}],"author":[{"embeddable":true,"href":"https:\/\/rodsgubben.se\/index.php?rest_route=\/wp\/v2\/users\/2"}],"replies":[{"embeddable":true,"href":"https:\/\/rodsgubben.se\/index.php?rest_route=%2Fwp%2Fv2%2Fcomments&post=546"}],"version-history":[{"count":4,"href":"https:\/\/rodsgubben.se\/index.php?rest_route=\/wp\/v2\/pages\/546\/revisions"}],"predecessor-version":[{"id":552,"href":"https:\/\/rodsgubben.se\/index.php?rest_route=\/wp\/v2\/pages\/546\/revisions\/552"}],"wp:attachment":[{"href":"https:\/\/rodsgubben.se\/index.php?rest_route=%2Fwp%2Fv2%2Fmedia&parent=546"}],"wp:term":[{"taxonomy":"category","embeddable":true,"href":"https:\/\/rodsgubben.se\/index.php?rest_route=%2Fwp%2Fv2%2Fcategories&post=546"},{"taxonomy":"post_tag","embeddable":true,"href":"https:\/\/rodsgubben.se\/index.php?rest_route=%2Fwp%2Fv2%2Ftags&post=546"}],"curies":[{"name":"wp","href":"https:\/\/api.w.org\/{rel}","templated":true}]}}